{"id":78,"date":"2015-08-06T10:54:23","date_gmt":"2015-08-06T07:54:23","guid":{"rendered":"http:\/\/mixtum.myasustor.com\/dev\/attuote.fi\/?page_id=78"},"modified":"2023-01-10T17:11:01","modified_gmt":"2023-01-10T15:11:01","slug":"hemsida","status":"publish","type":"page","link":"https:\/\/www.attuote.fi\/sv\/","title":{"rendered":"Hems"},"content":{"rendered":"\n<h2 class=\"wp-block-heading\">MARKNADSLEDANDE<\/h2>\n\n\n\n<p>AT-Tuote Oy grundades 1986 som ett kemitekniskt f\u00f6retag. Vi \u00e4r marknadsledande i Finland som tillverkare av tekniska aerosoler. V\u00e5ra produktionsanl\u00e4ggningar ligger i Borgn\u00e4s, som har goda transportm\u00f6jligheter och ligger 40 km nord\u00f6st om Helsingfors.<\/p>\n\n\n\n<h2 class=\"wp-block-heading\">ETT P\u00c5LITLIGT FINSKT F\u00d6RETAG<\/h2>\n\n\n\n<p>Det \u00e4r s\u00e4kert att samarbeta med AT-Tuote: v\u00e5rt kreditbetyg \u00e4r AAA.&nbsp;Alla produkter som vi tillverkar \u00e4r f\u00f6rebilder f\u00f6r finskt arbete och expertis \u2013 de \u00e4r Avainlippu-produkter.<\/p>\n\n\n\n<h2 class=\"wp-block-heading\">SKR\u00c4DDARSYDD PRODUKTION<\/h2>\n\n\n\n<p>I v\u00e5ra tj\u00e4nster ing\u00e5r fyllning av f\u00e4rger, lack, l\u00f6sningsmedel, reng\u00f6ringsmedel och sm\u00f6rjmedel till sprejformat, enligt kundens \u00f6nskade flaskstorlek. Produkter med egen etikett kan ocks\u00e5 best\u00e4llas.<\/p>\n\n\n\n<h2 class=\"wp-block-heading\">KOMPLEMENTPRODUKTER<\/h2>\n\n\n\n<p>Livsmedelss\u00e4kra aerosoler, godk\u00e4nda enligt NSF\/H1, f\u00f6r underh\u00e5llsarbete inom livsmedelsindustrin<\/p>\n\n\n\n<p>Sport- &amp; fritidsprodukter<\/p>\n\n\n\n<p>Carat bilv\u00e5rdsprodukter<\/p>\n\n\n\n<p>NaveCare b\u00e5tv\u00e5rdsprodukter<\/p>\n\n\n\n<p>Aerosoler, p\u00e5fyllnings- och sprejprodukter<\/p>\n\n\n\n<h2 class=\"wp-block-heading\">MED MILJ\u00d6N OCH KUNDEN I \u00c5TANKE<\/h2>\n\n\n\n<p>Aerosolindustrin omfattas av auktoriseringskrav. Kunskap om lagar och regleringar, samt att dessa efterf\u00f6ljs \u00e4r ett krav f\u00f6r all v\u00e5r verksamhet.&nbsp;Vi utvecklar st\u00e4ndigt s\u00e4krare och mer milj\u00f6v\u00e4nliga anv\u00e4ndarv\u00e4nliga kemitekniska produkter.<\/p>\n","protected":false},"excerpt":{"rendered":"<p>MARKNADSLEDANDE AT-Tuote Oy grundades 1986 som ett kemitekniskt f\u00f6retag. Vi \u00e4r marknadsledande i Finland som tillverkare av tekniska aerosoler. V\u00e5ra produktionsanl\u00e4ggningar ligger i Borgn\u00e4s, som har goda transportm\u00f6jligheter och ligger 40 km nord\u00f6st om Helsingfors. ETT P\u00c5LITLIGT FINSKT F\u00d6RETAG Det \u00e4r s\u00e4kert att samarbeta med AT-Tuote: v\u00e5rt kreditbetyg \u00e4r AAA.&nbsp;Alla produkter som vi tillverkar \u00e4r [&hellip;]<\/p>\n","protected":false},"author":3,"featured_media":8642,"parent":0,"menu_order":0,"comment_status":"closed","ping_status":"closed","template":"template-index.php","meta":{"_acf_changed":false,"footnotes":""},"class_list":["post-78","page","type-page","status-publish","has-post-thumbnail","hentry"],"acf":[],"yoast_head":"<!-- This site is optimized with the Yoast SEO plugin v27.4 - https:\/\/yoast.com\/product\/yoast-seo-wordpress\/ -->\n<title>Hems - AT-Tuote Oy - Maalit, Spraymaalit, \u00d6ljyt, Rasvat, Puhdistusaineet, Ruosteenesto<\/title>\n<meta name=\"robots\" content=\"index, follow, max-snippet:-1, max-image-preview:large, max-video-preview:-1\" \/>\n<link rel=\"canonical\" href=\"https:\/\/www.attuote.fi\/sv\/\" \/>\n<meta property=\"og:locale\" content=\"sv_SE\" \/>\n<meta property=\"og:type\" content=\"article\" \/>\n<meta property=\"og:title\" content=\"Hems - AT-Tuote Oy - Maalit, Spraymaalit, \u00d6ljyt, Rasvat, Puhdistusaineet, Ruosteenesto\" \/>\n<meta property=\"og:description\" content=\"MARKNADSLEDANDE AT-Tuote Oy grundades 1986 som ett kemitekniskt f\u00f6retag. Vi \u00e4r marknadsledande i Finland som tillverkare av tekniska aerosoler. V\u00e5ra produktionsanl\u00e4ggningar ligger i Borgn\u00e4s, som har goda transportm\u00f6jligheter och ligger 40 km nord\u00f6st om Helsingfors. ETT P\u00c5LITLIGT FINSKT F\u00d6RETAG Det \u00e4r s\u00e4kert att samarbeta med AT-Tuote: v\u00e5rt kreditbetyg \u00e4r AAA.&nbsp;Alla produkter som vi tillverkar \u00e4r [&hellip;]\" \/>\n<meta property=\"og:url\" content=\"https:\/\/www.attuote.fi\/sv\/\" \/>\n<meta property=\"og:site_name\" content=\"AT-Tuote Oy - Maalit, Spraymaalit, \u00d6ljyt, Rasvat, Puhdistusaineet, Ruosteenesto\" \/>\n<meta property=\"article:modified_time\" content=\"2023-01-10T15:11:01+00:00\" \/>\n<meta property=\"og:image\" content=\"https:\/\/www.attuote.fi\/wp-content\/uploads\/2023\/01\/attuote-bannerikuva.png\" \/>\n\t<meta property=\"og:image:width\" content=\"910\" \/>\n\t<meta property=\"og:image:height\" content=\"600\" \/>\n\t<meta property=\"og:image:type\" content=\"image\/png\" \/>\n<meta name=\"twitter:card\" content=\"summary_large_image\" \/>\n<meta name=\"twitter:label1\" content=\"Ber\u00e4knad l\u00e4stid\" \/>\n\t<meta name=\"twitter:data1\" content=\"1 minut\" \/>\n<script type=\"application\/ld+json\" class=\"yoast-schema-graph\">{\"@context\":\"https:\\\/\\\/schema.org\",\"@graph\":[{\"@type\":\"WebPage\",\"@id\":\"https:\\\/\\\/www.attuote.fi\\\/sv\\\/\",\"url\":\"https:\\\/\\\/www.attuote.fi\\\/sv\\\/\",\"name\":\"Hems - AT-Tuote Oy - Maalit, Spraymaalit, \u00d6ljyt, Rasvat, Puhdistusaineet, Ruosteenesto\",\"isPartOf\":{\"@id\":\"https:\\\/\\\/www.attuote.fi\\\/#website\"},\"primaryImageOfPage\":{\"@id\":\"https:\\\/\\\/www.attuote.fi\\\/sv\\\/#primaryimage\"},\"image\":{\"@id\":\"https:\\\/\\\/www.attuote.fi\\\/sv\\\/#primaryimage\"},\"thumbnailUrl\":\"https:\\\/\\\/www.attuote.fi\\\/wp-content\\\/uploads\\\/2023\\\/01\\\/attuote-bannerikuva.png\",\"datePublished\":\"2015-08-06T07:54:23+00:00\",\"dateModified\":\"2023-01-10T15:11:01+00:00\",\"inLanguage\":\"sv-SE\",\"potentialAction\":[{\"@type\":\"ReadAction\",\"target\":[\"https:\\\/\\\/www.attuote.fi\\\/sv\\\/\"]}]},{\"@type\":\"ImageObject\",\"inLanguage\":\"sv-SE\",\"@id\":\"https:\\\/\\\/www.attuote.fi\\\/sv\\\/#primaryimage\",\"url\":\"https:\\\/\\\/www.attuote.fi\\\/wp-content\\\/uploads\\\/2023\\\/01\\\/attuote-bannerikuva.png\",\"contentUrl\":\"https:\\\/\\\/www.attuote.fi\\\/wp-content\\\/uploads\\\/2023\\\/01\\\/attuote-bannerikuva.png\",\"width\":910,\"height\":600,\"caption\":\"AT-Tuote Oy\"},{\"@type\":\"WebSite\",\"@id\":\"https:\\\/\\\/www.attuote.fi\\\/#website\",\"url\":\"https:\\\/\\\/www.attuote.fi\\\/\",\"name\":\"AT-Tuote Oy - Maalit, Spraymaalit, \u00d6ljyt, Rasvat, Puhdistusaineet, Ruosteenesto\",\"description\":\"\",\"publisher\":{\"@id\":\"https:\\\/\\\/www.attuote.fi\\\/#organization\"},\"potentialAction\":[{\"@type\":\"SearchAction\",\"target\":{\"@type\":\"EntryPoint\",\"urlTemplate\":\"https:\\\/\\\/www.attuote.fi\\\/?s={search_term_string}\"},\"query-input\":{\"@type\":\"PropertyValueSpecification\",\"valueRequired\":true,\"valueName\":\"search_term_string\"}}],\"inLanguage\":\"sv-SE\"},{\"@type\":\"Organization\",\"@id\":\"https:\\\/\\\/www.attuote.fi\\\/#organization\",\"name\":\"AT-Tuote Oy\",\"url\":\"https:\\\/\\\/www.attuote.fi\\\/\",\"logo\":{\"@type\":\"ImageObject\",\"inLanguage\":\"sv-SE\",\"@id\":\"https:\\\/\\\/www.attuote.fi\\\/#\\\/schema\\\/logo\\\/image\\\/\",\"url\":\"https:\\\/\\\/www.attuote.fi\\\/wp-content\\\/uploads\\\/2023\\\/01\\\/at-tuote-logo.png\",\"contentUrl\":\"https:\\\/\\\/www.attuote.fi\\\/wp-content\\\/uploads\\\/2023\\\/01\\\/at-tuote-logo.png\",\"width\":141,\"height\":96,\"caption\":\"AT-Tuote Oy\"},\"image\":{\"@id\":\"https:\\\/\\\/www.attuote.fi\\\/#\\\/schema\\\/logo\\\/image\\\/\"}}]}<\/script>\n<!-- \/ Yoast SEO plugin. -->","yoast_head_json":{"title":"Hems - AT-Tuote Oy - Maalit, Spraymaalit, \u00d6ljyt, Rasvat, Puhdistusaineet, Ruosteenesto","robots":{"index":"index","follow":"follow","max-snippet":"max-snippet:-1","max-image-preview":"max-image-preview:large","max-video-preview":"max-video-preview:-1"},"canonical":"https:\/\/www.attuote.fi\/sv\/","og_locale":"sv_SE","og_type":"article","og_title":"Hems - AT-Tuote Oy - Maalit, Spraymaalit, \u00d6ljyt, Rasvat, Puhdistusaineet, Ruosteenesto","og_description":"MARKNADSLEDANDE AT-Tuote Oy grundades 1986 som ett kemitekniskt f\u00f6retag. Vi \u00e4r marknadsledande i Finland som tillverkare av tekniska aerosoler. V\u00e5ra produktionsanl\u00e4ggningar ligger i Borgn\u00e4s, som har goda transportm\u00f6jligheter och ligger 40 km nord\u00f6st om Helsingfors. ETT P\u00c5LITLIGT FINSKT F\u00d6RETAG Det \u00e4r s\u00e4kert att samarbeta med AT-Tuote: v\u00e5rt kreditbetyg \u00e4r AAA.&nbsp;Alla produkter som vi tillverkar \u00e4r [&hellip;]","og_url":"https:\/\/www.attuote.fi\/sv\/","og_site_name":"AT-Tuote Oy - Maalit, Spraymaalit, \u00d6ljyt, Rasvat, Puhdistusaineet, Ruosteenesto","article_modified_time":"2023-01-10T15:11:01+00:00","og_image":[{"width":910,"height":600,"url":"https:\/\/www.attuote.fi\/wp-content\/uploads\/2023\/01\/attuote-bannerikuva.png","type":"image\/png"}],"twitter_card":"summary_large_image","twitter_misc":{"Ber\u00e4knad l\u00e4stid":"1 minut"},"schema":{"@context":"https:\/\/schema.org","@graph":[{"@type":"WebPage","@id":"https:\/\/www.attuote.fi\/sv\/","url":"https:\/\/www.attuote.fi\/sv\/","name":"Hems - AT-Tuote Oy - Maalit, Spraymaalit, \u00d6ljyt, Rasvat, Puhdistusaineet, Ruosteenesto","isPartOf":{"@id":"https:\/\/www.attuote.fi\/#website"},"primaryImageOfPage":{"@id":"https:\/\/www.attuote.fi\/sv\/#primaryimage"},"image":{"@id":"https:\/\/www.attuote.fi\/sv\/#primaryimage"},"thumbnailUrl":"https:\/\/www.attuote.fi\/wp-content\/uploads\/2023\/01\/attuote-bannerikuva.png","datePublished":"2015-08-06T07:54:23+00:00","dateModified":"2023-01-10T15:11:01+00:00","inLanguage":"sv-SE","potentialAction":[{"@type":"ReadAction","target":["https:\/\/www.attuote.fi\/sv\/"]}]},{"@type":"ImageObject","inLanguage":"sv-SE","@id":"https:\/\/www.attuote.fi\/sv\/#primaryimage","url":"https:\/\/www.attuote.fi\/wp-content\/uploads\/2023\/01\/attuote-bannerikuva.png","contentUrl":"https:\/\/www.attuote.fi\/wp-content\/uploads\/2023\/01\/attuote-bannerikuva.png","width":910,"height":600,"caption":"AT-Tuote Oy"},{"@type":"WebSite","@id":"https:\/\/www.attuote.fi\/#website","url":"https:\/\/www.attuote.fi\/","name":"AT-Tuote Oy - Maalit, Spraymaalit, \u00d6ljyt, Rasvat, Puhdistusaineet, Ruosteenesto","description":"","publisher":{"@id":"https:\/\/www.attuote.fi\/#organization"},"potentialAction":[{"@type":"SearchAction","target":{"@type":"EntryPoint","urlTemplate":"https:\/\/www.attuote.fi\/?s={search_term_string}"},"query-input":{"@type":"PropertyValueSpecification","valueRequired":true,"valueName":"search_term_string"}}],"inLanguage":"sv-SE"},{"@type":"Organization","@id":"https:\/\/www.attuote.fi\/#organization","name":"AT-Tuote Oy","url":"https:\/\/www.attuote.fi\/","logo":{"@type":"ImageObject","inLanguage":"sv-SE","@id":"https:\/\/www.attuote.fi\/#\/schema\/logo\/image\/","url":"https:\/\/www.attuote.fi\/wp-content\/uploads\/2023\/01\/at-tuote-logo.png","contentUrl":"https:\/\/www.attuote.fi\/wp-content\/uploads\/2023\/01\/at-tuote-logo.png","width":141,"height":96,"caption":"AT-Tuote Oy"},"image":{"@id":"https:\/\/www.attuote.fi\/#\/schema\/logo\/image\/"}}]}},"_links":{"self":[{"href":"https:\/\/www.attuote.fi\/sv\/wp-json\/wp\/v2\/pages\/78","targetHints":{"allow":["GET"]}}],"collection":[{"href":"https:\/\/www.attuote.fi\/sv\/wp-json\/wp\/v2\/pages"}],"about":[{"href":"https:\/\/www.attuote.fi\/sv\/wp-json\/wp\/v2\/types\/page"}],"author":[{"embeddable":true,"href":"https:\/\/www.attuote.fi\/sv\/wp-json\/wp\/v2\/users\/3"}],"replies":[{"embeddable":true,"href":"https:\/\/www.attuote.fi\/sv\/wp-json\/wp\/v2\/comments?post=78"}],"version-history":[{"count":0,"href":"https:\/\/www.attuote.fi\/sv\/wp-json\/wp\/v2\/pages\/78\/revisions"}],"wp:featuredmedia":[{"embeddable":true,"href":"https:\/\/www.attuote.fi\/sv\/wp-json\/wp\/v2\/media\/8642"}],"wp:attachment":[{"href":"https:\/\/www.attuote.fi\/sv\/wp-json\/wp\/v2\/media?parent=78"}],"curies":[{"name":"wp","href":"https:\/\/api.w.org\/{rel}","templated":true}]}}