{"id":1680,"date":"2016-01-08T11:19:58","date_gmt":"2016-01-08T09:19:58","guid":{"rendered":"http:\/\/attuote.fi\/sv\/?page_id=1680"},"modified":"2020-04-29T11:42:09","modified_gmt":"2020-04-29T08:42:09","slug":"foretag","status":"publish","type":"page","link":"https:\/\/www.attuote.fi\/sv\/foretag\/","title":{"rendered":"F\u00f6retag"},"content":{"rendered":"<h1>F\u00f6retag<\/h1>\n<h2>MARKNADSLEDANDE<\/h2>\n<p>AT-Tuote Oy \u00e4r ett kemitekniskt f\u00f6retag som grundades \u00e5r 1986. Vi \u00e4r marknadsledande i Finland inom tillverkare av tekniska aerosoler. V\u00e5ra produktionsanl\u00e4ggningar ligger i Borgn\u00e4s, som har goda transportm\u00f6jligheter och ligger 40 km nord\u00f6st om Helsingfors.<\/p>\n<h2>ETT P\u00c5LITLIGT FINSKT F\u00d6RETAG<\/h2>\n<p>Det \u00e4r s\u00e4kert att samarbeta med AT-Tuote: v\u00e5r kreditv\u00e4rdighet \u00e4r AAA.\u00a0Alla produkter som vi tillverkar \u00e4r f\u00f6rebilder f\u00f6r finskt arbete och expertis \u2013 vi har beviljats m\u00e4rket Nyckelflaggan som en symbol f\u00f6r finl\u00e4ndskt arbete.<\/p>\n<h2>SKR\u00c4DDARSYDD PRODUKTION<\/h2>\n<p>I v\u00e5ra tj\u00e4nster ing\u00e5r fyllning av f\u00e4rger, lack, l\u00f6sningsmedel, reng\u00f6ringsmedel och sm\u00f6rjmedel till sprayformat, enligt kundens \u00f6nskade flaskstorlek. Produkter med egen etikett kan ocks\u00e5 best\u00e4llas.<\/p>\n<h2>KOMPLEMENTPRODUKTER<\/h2>\n<p>Livsmedelss\u00e4kra aerosoler, godk\u00e4nda enligt NSF\/H1, f\u00f6r underh\u00e5llsarbete inom livsmedelsindustrin<br \/>\nSport- &amp; fritidsprodukter<br \/>\nCarat bilv\u00e5rdsprodukter<br \/>\nNaveCare b\u00e5tv\u00e5rdsprodukter<br \/>\nAerosoler, p\u00e5fyllnings- och sprayprodukter<\/p>\n<h2>MED MILJ\u00d6N OCH KUNDEN I \u00c5TANKE<\/h2>\n<p>Aerosolindustrin omfattas av auktoriseringskrav. Kunskap om lagar och regleringar, samt att dessa efterf\u00f6ljs \u00e4r ett krav f\u00f6r all v\u00e5r verksamhet.\u00a0Vi utvecklar\u00a0j\u00e4mt mer\u00a0s\u00e4krare och milj\u00f6v\u00e4nligare kemitekniska produkter.<\/p>\n","protected":false},"excerpt":{"rendered":"<p>F\u00f6retag MARKNADSLEDANDE AT-Tuote Oy \u00e4r ett kemitekniskt f\u00f6retag som grundades \u00e5r 1986. Vi \u00e4r marknadsledande i Finland inom tillverkare av tekniska aerosoler. V\u00e5ra produktionsanl\u00e4ggningar ligger i Borgn\u00e4s, som har goda transportm\u00f6jligheter och ligger 40 km nord\u00f6st om Helsingfors. ETT P\u00c5LITLIGT FINSKT F\u00d6RETAG Det \u00e4r s\u00e4kert att samarbeta med AT-Tuote: v\u00e5r kreditv\u00e4rdighet \u00e4r AAA.\u00a0Alla produkter som [&hellip;]<\/p>\n","protected":false},"author":3,"featured_media":0,"parent":0,"menu_order":0,"comment_status":"closed","ping_status":"closed","template":"","meta":{"_acf_changed":false,"footnotes":""},"class_list":["post-1680","page","type-page","status-publish","hentry"],"acf":[],"yoast_head":"<!-- This site is optimized with the Yoast SEO plugin v27.5 - https:\/\/yoast.com\/product\/yoast-seo-wordpress\/ -->\n<title>F\u00f6retag - AT-Tuote Oy - Maalit, Spraymaalit, \u00d6ljyt, Rasvat, Puhdistusaineet, Ruosteenesto<\/title>\n<meta name=\"robots\" content=\"index, follow, max-snippet:-1, max-image-preview:large, max-video-preview:-1\" \/>\n<link rel=\"canonical\" href=\"https:\/\/www.attuote.fi\/sv\/foretag\/\" \/>\n<meta property=\"og:locale\" content=\"sv_SE\" \/>\n<meta property=\"og:type\" content=\"article\" \/>\n<meta property=\"og:title\" content=\"F\u00f6retag - AT-Tuote Oy - Maalit, Spraymaalit, \u00d6ljyt, Rasvat, Puhdistusaineet, Ruosteenesto\" \/>\n<meta property=\"og:description\" content=\"F\u00f6retag MARKNADSLEDANDE AT-Tuote Oy \u00e4r ett kemitekniskt f\u00f6retag som grundades \u00e5r 1986. Vi \u00e4r marknadsledande i Finland inom tillverkare av tekniska aerosoler. V\u00e5ra produktionsanl\u00e4ggningar ligger i Borgn\u00e4s, som har goda transportm\u00f6jligheter och ligger 40 km nord\u00f6st om Helsingfors. ETT P\u00c5LITLIGT FINSKT F\u00d6RETAG Det \u00e4r s\u00e4kert att samarbeta med AT-Tuote: v\u00e5r kreditv\u00e4rdighet \u00e4r AAA.\u00a0Alla produkter som [&hellip;]\" \/>\n<meta property=\"og:url\" content=\"https:\/\/www.attuote.fi\/sv\/foretag\/\" \/>\n<meta property=\"og:site_name\" content=\"AT-Tuote Oy - Maalit, Spraymaalit, \u00d6ljyt, Rasvat, Puhdistusaineet, Ruosteenesto\" \/>\n<meta property=\"article:modified_time\" content=\"2020-04-29T08:42:09+00:00\" \/>\n<meta name=\"twitter:card\" content=\"summary_large_image\" \/>\n<meta name=\"twitter:label1\" content=\"Ber\u00e4knad l\u00e4stid\" \/>\n\t<meta name=\"twitter:data1\" content=\"1 minut\" \/>\n<script type=\"application\/ld+json\" class=\"yoast-schema-graph\">{\"@context\":\"https:\\\/\\\/schema.org\",\"@graph\":[{\"@type\":\"WebPage\",\"@id\":\"https:\\\/\\\/www.attuote.fi\\\/sv\\\/foretag\\\/\",\"url\":\"https:\\\/\\\/www.attuote.fi\\\/sv\\\/foretag\\\/\",\"name\":\"F\u00f6retag - AT-Tuote Oy - Maalit, Spraymaalit, \u00d6ljyt, Rasvat, Puhdistusaineet, Ruosteenesto\",\"isPartOf\":{\"@id\":\"https:\\\/\\\/www.attuote.fi\\\/#website\"},\"datePublished\":\"2016-01-08T09:19:58+00:00\",\"dateModified\":\"2020-04-29T08:42:09+00:00\",\"inLanguage\":\"sv-SE\",\"potentialAction\":[{\"@type\":\"ReadAction\",\"target\":[\"https:\\\/\\\/www.attuote.fi\\\/sv\\\/foretag\\\/\"]}]},{\"@type\":\"WebSite\",\"@id\":\"https:\\\/\\\/www.attuote.fi\\\/#website\",\"url\":\"https:\\\/\\\/www.attuote.fi\\\/\",\"name\":\"AT-Tuote Oy - Maalit, Spraymaalit, \u00d6ljyt, Rasvat, Puhdistusaineet, Ruosteenesto\",\"description\":\"\",\"publisher\":{\"@id\":\"https:\\\/\\\/www.attuote.fi\\\/#organization\"},\"potentialAction\":[{\"@type\":\"SearchAction\",\"target\":{\"@type\":\"EntryPoint\",\"urlTemplate\":\"https:\\\/\\\/www.attuote.fi\\\/?s={search_term_string}\"},\"query-input\":{\"@type\":\"PropertyValueSpecification\",\"valueRequired\":true,\"valueName\":\"search_term_string\"}}],\"inLanguage\":\"sv-SE\"},{\"@type\":\"Organization\",\"@id\":\"https:\\\/\\\/www.attuote.fi\\\/#organization\",\"name\":\"AT-Tuote Oy\",\"url\":\"https:\\\/\\\/www.attuote.fi\\\/\",\"logo\":{\"@type\":\"ImageObject\",\"inLanguage\":\"sv-SE\",\"@id\":\"https:\\\/\\\/www.attuote.fi\\\/#\\\/schema\\\/logo\\\/image\\\/\",\"url\":\"https:\\\/\\\/www.attuote.fi\\\/wp-content\\\/uploads\\\/2023\\\/01\\\/at-tuote-logo.png\",\"contentUrl\":\"https:\\\/\\\/www.attuote.fi\\\/wp-content\\\/uploads\\\/2023\\\/01\\\/at-tuote-logo.png\",\"width\":141,\"height\":96,\"caption\":\"AT-Tuote Oy\"},\"image\":{\"@id\":\"https:\\\/\\\/www.attuote.fi\\\/#\\\/schema\\\/logo\\\/image\\\/\"}}]}<\/script>\n<!-- \/ Yoast SEO plugin. -->","yoast_head_json":{"title":"F\u00f6retag - AT-Tuote Oy - Maalit, Spraymaalit, \u00d6ljyt, Rasvat, Puhdistusaineet, Ruosteenesto","robots":{"index":"index","follow":"follow","max-snippet":"max-snippet:-1","max-image-preview":"max-image-preview:large","max-video-preview":"max-video-preview:-1"},"canonical":"https:\/\/www.attuote.fi\/sv\/foretag\/","og_locale":"sv_SE","og_type":"article","og_title":"F\u00f6retag - AT-Tuote Oy - Maalit, Spraymaalit, \u00d6ljyt, Rasvat, Puhdistusaineet, Ruosteenesto","og_description":"F\u00f6retag MARKNADSLEDANDE AT-Tuote Oy \u00e4r ett kemitekniskt f\u00f6retag som grundades \u00e5r 1986. Vi \u00e4r marknadsledande i Finland inom tillverkare av tekniska aerosoler. V\u00e5ra produktionsanl\u00e4ggningar ligger i Borgn\u00e4s, som har goda transportm\u00f6jligheter och ligger 40 km nord\u00f6st om Helsingfors. ETT P\u00c5LITLIGT FINSKT F\u00d6RETAG Det \u00e4r s\u00e4kert att samarbeta med AT-Tuote: v\u00e5r kreditv\u00e4rdighet \u00e4r AAA.\u00a0Alla produkter som [&hellip;]","og_url":"https:\/\/www.attuote.fi\/sv\/foretag\/","og_site_name":"AT-Tuote Oy - Maalit, Spraymaalit, \u00d6ljyt, Rasvat, Puhdistusaineet, Ruosteenesto","article_modified_time":"2020-04-29T08:42:09+00:00","twitter_card":"summary_large_image","twitter_misc":{"Ber\u00e4knad l\u00e4stid":"1 minut"},"schema":{"@context":"https:\/\/schema.org","@graph":[{"@type":"WebPage","@id":"https:\/\/www.attuote.fi\/sv\/foretag\/","url":"https:\/\/www.attuote.fi\/sv\/foretag\/","name":"F\u00f6retag - AT-Tuote Oy - Maalit, Spraymaalit, \u00d6ljyt, Rasvat, Puhdistusaineet, Ruosteenesto","isPartOf":{"@id":"https:\/\/www.attuote.fi\/#website"},"datePublished":"2016-01-08T09:19:58+00:00","dateModified":"2020-04-29T08:42:09+00:00","inLanguage":"sv-SE","potentialAction":[{"@type":"ReadAction","target":["https:\/\/www.attuote.fi\/sv\/foretag\/"]}]},{"@type":"WebSite","@id":"https:\/\/www.attuote.fi\/#website","url":"https:\/\/www.attuote.fi\/","name":"AT-Tuote Oy - Maalit, Spraymaalit, \u00d6ljyt, Rasvat, Puhdistusaineet, Ruosteenesto","description":"","publisher":{"@id":"https:\/\/www.attuote.fi\/#organization"},"potentialAction":[{"@type":"SearchAction","target":{"@type":"EntryPoint","urlTemplate":"https:\/\/www.attuote.fi\/?s={search_term_string}"},"query-input":{"@type":"PropertyValueSpecification","valueRequired":true,"valueName":"search_term_string"}}],"inLanguage":"sv-SE"},{"@type":"Organization","@id":"https:\/\/www.attuote.fi\/#organization","name":"AT-Tuote Oy","url":"https:\/\/www.attuote.fi\/","logo":{"@type":"ImageObject","inLanguage":"sv-SE","@id":"https:\/\/www.attuote.fi\/#\/schema\/logo\/image\/","url":"https:\/\/www.attuote.fi\/wp-content\/uploads\/2023\/01\/at-tuote-logo.png","contentUrl":"https:\/\/www.attuote.fi\/wp-content\/uploads\/2023\/01\/at-tuote-logo.png","width":141,"height":96,"caption":"AT-Tuote Oy"},"image":{"@id":"https:\/\/www.attuote.fi\/#\/schema\/logo\/image\/"}}]}},"_links":{"self":[{"href":"https:\/\/www.attuote.fi\/sv\/wp-json\/wp\/v2\/pages\/1680","targetHints":{"allow":["GET"]}}],"collection":[{"href":"https:\/\/www.attuote.fi\/sv\/wp-json\/wp\/v2\/pages"}],"about":[{"href":"https:\/\/www.attuote.fi\/sv\/wp-json\/wp\/v2\/types\/page"}],"author":[{"embeddable":true,"href":"https:\/\/www.attuote.fi\/sv\/wp-json\/wp\/v2\/users\/3"}],"replies":[{"embeddable":true,"href":"https:\/\/www.attuote.fi\/sv\/wp-json\/wp\/v2\/comments?post=1680"}],"version-history":[{"count":0,"href":"https:\/\/www.attuote.fi\/sv\/wp-json\/wp\/v2\/pages\/1680\/revisions"}],"wp:attachment":[{"href":"https:\/\/www.attuote.fi\/sv\/wp-json\/wp\/v2\/media?parent=1680"}],"curies":[{"name":"wp","href":"https:\/\/api.w.org\/{rel}","templated":true}]}}