{"id":1674,"date":"2016-01-08T11:18:16","date_gmt":"2016-01-08T09:18:16","guid":{"rendered":"http:\/\/attuote.fi\/sv\/?page_id=1674"},"modified":"2023-01-10T15:12:50","modified_gmt":"2023-01-10T13:12:50","slug":"sakerhetsdatablad","status":"publish","type":"page","link":"https:\/\/www.attuote.fi\/sv\/nedladdningar\/sakerhetsdatablad\/","title":{"rendered":"S\u00e4kerhetsdatablad"},"content":{"rendered":"\n<p><a href=\"http:\/\/attuote.fi\/wp-content\/uploads\/2016\/01\/AT-2810-2811-AT-1.pdf\">AT-1 Skydds- och sm\u00f6rjningsmedel, 2810, 2811<\/a><\/p>\n\n\n\n<p><a href=\"http:\/\/attuote.fi\/wp-content\/uploads\/2017\/12\/AT-2820-2830-2835-2840-2841-AT-1-Skydds-och-sm\u00f6rjningdmedel-l\u00f6s\u00e4mne.pdf\">AT-1 Skydds- och sm\u00f6rjningdmedel, l\u00f6s\u00e4mne&nbsp;2820,&nbsp;2830,&nbsp;2835,&nbsp;2840,&nbsp;2841<\/a><\/p>\n\n\n\n<p><a href=\"http:\/\/attuote.fi\/wp-content\/uploads\/2016\/01\/AT-2900-AT-2-1.pdf\">AT-2&nbsp;Skydds-&nbsp;och&nbsp;sm\u00f6rjningsmedel&nbsp;2900<\/a><\/p>\n\n\n\n<p><a href=\"http:\/\/attuote.fi\/wp-content\/uploads\/2016\/01\/AT-3700-2000-Vaselin-spray-1.pdf\">AT-2000 Vaselinspray 3700<\/a><\/p>\n\n\n\n<p><a href=\"http:\/\/attuote.fi\/wp-content\/uploads\/2016\/01\/AT-3000-AT-3-Rostskydd-och-sm\u00f6rjningsmedel.pdf\">AT-3 Rostskydd och sm\u00f6rjningsmedel 3000<\/a><\/p>\n\n\n\n<p><a href=\"http:\/\/attuote.fi\/wp-content\/uploads\/2016\/01\/AT-3710-Syntetisk-vaselin-spray.pdf\">AT-3000 Syntetiskt vaselinspray 3710<\/a><\/p>\n\n\n\n<p><a href=\"http:\/\/attuote.fi\/wp-content\/uploads\/2016\/01\/AT-2100-Active-1.pdf\">AT Active 2100<\/a><\/p>\n\n\n\n<p><a href=\"http:\/\/attuote.fi\/wp-content\/uploads\/2017\/12\/AT-2105-2110-2125-2140-Active-Avl\u00e4gsnar-effektivt-fett-och-smuts-l\u00f6s\u00e4mne.pdf\">AT Active, l\u00f6s\u00e4mne&nbsp;2105,&nbsp;2110,&nbsp;2125,&nbsp;2140<\/a><\/p>\n\n\n\n<p><a href=\"https:\/\/www.attuote.fi\/wp-content\/uploads\/2019\/04\/AT-3415-Air-Plast.pdf\">AT Air Plast, 3415<\/a><\/p>\n\n\n\n<p><a href=\"http:\/\/attuote.fi\/wp-content\/uploads\/2016\/01\/AT-5170-Antiseize-Rostskydds-och-sm\u00f6rjmedel.pdf\">AT Antiseize 5170<\/a><\/p>\n\n\n\n<p><a href=\"http:\/\/attuote.fi\/wp-content\/uploads\/2016\/01\/AT-2580-Antistatisk-rengoringsspray.pdf\">AT Antistatisk reng\u00f6ringsspray 2580<\/a><\/p>\n\n\n\n<p><a href=\"http:\/\/attuote.fi\/wp-content\/uploads\/2016\/01\/AT-2570-Cleaning-Oil.pdf\">AT Cleaning Oil 2570<\/a><\/p>\n\n\n\n<p><a href=\"http:\/\/attuote.fi\/wp-content\/uploads\/2016\/01\/AT-Aceton.pdf\">AT Color Aceton 7041,&nbsp;9000,&nbsp;9001,&nbsp;9003,&nbsp;9012,&nbsp;9016,&nbsp;9017,&nbsp;9018<\/a><\/p>\n\n\n\n<p><a href=\"http:\/\/attuote.fi\/wp-content\/uploads\/2016\/01\/AT-1100-2099-Color-Aerosolfarg.pdf\">AT Color Aerosolf\u00e4rg 1100-2099<\/a><\/p>\n\n\n\n<p><a href=\"http:\/\/attuote.fi\/wp-content\/uploads\/2016\/01\/AT-Color-Thinner.pdf\">AT Color Thinner 7045, 9006, 9008, 9013, 9009, 9021<\/a><\/p>\n\n\n\n<p><a href=\"http:\/\/attuote.fi\/wp-content\/uploads\/2016\/01\/AT-2700-Coolspray-1.pdf\">AT Coolspray 2700<\/a><\/p>\n\n\n\n<p><a href=\"http:\/\/attuote.fi\/wp-content\/uploads\/2016\/01\/AT-7110-Desinficeringsspray.pdf\">AT Desinficeringsspray 7110<\/a><\/p>\n\n\n\n<p><a href=\"http:\/\/attuote.fi\/wp-content\/uploads\/2016\/01\/AT-2500-2550-Elektrospray.pdf\">AT Elektrospray 2500, 2550<\/a><\/p>\n\n\n\n<p><a href=\"http:\/\/attuote.fi\/wp-content\/uploads\/2018\/02\/AT-3750-Friktionspray.pdf\">AT Friktionspray&nbsp;3750<\/a><\/p>\n\n\n\n<p><a href=\"http:\/\/attuote.fi\/wp-content\/uploads\/2016\/01\/AT-2400-Glasrengoringsspray.pdf\">AT Glasreng\u00f6ringsspray 2400<\/a><\/p>\n\n\n\n<p><a href=\"http:\/\/attuote.fi\/wp-content\/uploads\/2016\/01\/AT-2101-HD-Active.pdf\">AT HD Active 2101<\/a><\/p>\n\n\n\n<p><a href=\"http:\/\/attuote.fi\/wp-content\/uploads\/2016\/01\/AT-3110-HD-Silicon-sm\u00f6rj-och-skydds\u00e4mne.pdf\">AT HD Siliconspray 3110<\/a><\/p>\n\n\n\n<p><a href=\"http:\/\/attuote.fi\/wp-content\/uploads\/2016\/01\/AT-2625-Keramiskt-skydd-f\u00f6r-svetsmunstyck.pdf\">AT Keramiskt skydd f\u00f6r svetsmunstyck 2625<\/a><\/p>\n\n\n\n<p><a href=\"http:\/\/attuote.fi\/wp-content\/uploads\/2016\/01\/AT-5150-Kopparpasta-spray.pdf\">AT Kopparpasta spray 5150<\/a><\/p>\n\n\n\n<p><a href=\"http:\/\/attuote.fi\/wp-content\/uploads\/2016\/01\/AT-4252-Ljus-zink.pdf\">AT Ljus zink 4252<\/a><\/p>\n\n\n\n<p><a href=\"http:\/\/attuote.fi\/wp-content\/uploads\/2016\/01\/AT-2601-LW-Svetsspray.pdf\">AT LW Svetsspray 2601<\/a><\/p>\n\n\n\n<p><a href=\"http:\/\/attuote.fi\/wp-content\/uploads\/2018\/02\/AT-2233-Lysr\u00f6rsspray.pdf\">AT Lysr\u00f6rsspray&nbsp;2233<\/a><\/p>\n\n\n\n<p><a href=\"http:\/\/attuote.fi\/wp-content\/uploads\/2016\/01\/AT-4100-4101-L\u00e5solja.pdf\">AT L\u00e5solja 4100, 4101<\/a><\/p>\n\n\n\n<p><a href=\"http:\/\/attuote.fi\/wp-content\/uploads\/2016\/01\/AT-4500-Lacksokare.pdf\">AT L\u00e4cks\u00f6kare 4500<\/a><\/p>\n\n\n\n<p><a href=\"http:\/\/attuote.fi\/wp-content\/uploads\/2017\/12\/AT-2150-L\u00f6sningstv\u00e4ttmedel.pdf\">AT L\u00f6sningstv\u00e4ttmedel&nbsp;2150<\/a><\/p>\n\n\n\n<p><a href=\"http:\/\/attuote.fi\/wp-content\/uploads\/2016\/01\/AT-2231-MoS2-Rostl\u00f6sande-olja.pdf\">AT MoS\u00b2 Rostl\u00f6sande olja 2231<\/a><\/p>\n\n\n\n<p><a href=\"http:\/\/attuote.fi\/wp-content\/uploads\/2016\/01\/AT-4600-MoS2-Torrsm\u00f6rjningsmedel.pdf\">AT MoS\u00b2 Torrsm\u00f6rjningsmedel 4600<\/a><\/p>\n\n\n\n<p><a href=\"http:\/\/attuote.fi\/wp-content\/uploads\/2016\/01\/AT-3416-Obr\u00e4nnbar-tryckluft.pdf\">AT Obr\u00e4nnbar tryckluft 3416, 3401<\/a><\/p>\n\n\n\n<p><a href=\"http:\/\/attuote.fi\/wp-content\/uploads\/2016\/01\/AT-3650-PTFE-spray-Torr-smorjningsmedel.pdf\">AT PTFE-Spray Torrt sm\u00f6rjningsmedel 3650<\/a><\/p>\n\n\n\n<p><a href=\"http:\/\/attuote.fi\/wp-content\/uploads\/2016\/01\/AT-2200-Rostl\u00f6sare.pdf\">AT Rostl\u00f6sare 2200<\/a><\/p>\n\n\n\n<p><a href=\"http:\/\/attuote.fi\/wp-content\/uploads\/2017\/12\/AT-2210222022252226-Rostl\u00f6sare-l\u00f6s\u00e4mne.pdf\">AT Rostl\u00f6sare, l\u00f6s\u00e4mne 2210,&nbsp;2220,&nbsp;2225,&nbsp;2226<\/a><\/p>\n\n\n\n<p><a href=\"http:\/\/attuote.fi\/wp-content\/uploads\/2016\/01\/AT-3351-RTV-Silikon.pdf\">AT RTV-Silikon 3351, 3352<\/a><\/p>\n\n\n\n<p><a href=\"http:\/\/attuote.fi\/wp-content\/uploads\/2016\/01\/AT-2300-Sk\u00e4rolja.pdf\">AT Sk\u00e4rolja 2300<\/a><\/p>\n\n\n\n<p><a href=\"http:\/\/attuote.fi\/wp-content\/uploads\/2016\/01\/AT-4350-Snabbt-spraylim.pdf\">AT Snabbt spraylim 4350<\/a><\/p>\n\n\n\n<p><a href=\"http:\/\/attuote.fi\/wp-content\/uploads\/2016\/01\/AT-4000-Sport-Vapenolja.pdf\">AT Sport Vapenolja 4000<\/a><\/p>\n\n\n\n<p><a href=\"http:\/\/attuote.fi\/wp-content\/uploads\/2016\/01\/AT-7300-Stripper.pdf\">AT Stripper 7300<\/a><\/p>\n\n\n\n<p><a href=\"http:\/\/attuote.fi\/wp-content\/uploads\/2016\/01\/AT-2600-Svetsspray.pdf\">AT Svetsspray 2600<\/a><\/p>\n\n\n\n<p><a href=\"http:\/\/attuote.fi\/wp-content\/uploads\/2016\/01\/AT-3590-3600-Teflon.pdf\">AT Teflon 3590, 3600<\/a><\/p>\n\n\n\n<p><a href=\"http:\/\/attuote.fi\/wp-content\/uploads\/2016\/01\/AT-5180-Tjara.pdf\">AT Tj\u00e4ra 5180<\/a><\/p>\n\n\n\n<p><a href=\"http:\/\/attuote.fi\/wp-content\/uploads\/2016\/01\/AT-4050-Upptinande-l\u00e5solja.pdf\">AT Upptinande l\u00e5solja 4050<\/a><\/p>\n\n\n\n<p><a href=\"http:\/\/attuote.fi\/wp-content\/uploads\/2016\/01\/AT-2630-Vattenbased-svetsspray.pdf\">AT Vattenbased svetsspray 2630<\/a><\/p>\n\n\n\n<p><a href=\"http:\/\/attuote.fi\/wp-content\/uploads\/2016\/01\/AT-4250-Zink-spray-1.pdf\">AT Zink spray 4250<\/a><\/p>\n","protected":false},"excerpt":{"rendered":"<p>AT-1 Skydds- och sm\u00f6rjningsmedel, 2810, 2811 AT-1 Skydds- och sm\u00f6rjningdmedel, l\u00f6s\u00e4mne&nbsp;2820,&nbsp;2830,&nbsp;2835,&nbsp;2840,&nbsp;2841 AT-2&nbsp;Skydds-&nbsp;och&nbsp;sm\u00f6rjningsmedel&nbsp;2900 AT-2000 Vaselinspray 3700 AT-3 Rostskydd och sm\u00f6rjningsmedel 3000 AT-3000 Syntetiskt vaselinspray 3710 AT Active 2100 AT Active, l\u00f6s\u00e4mne&nbsp;2105,&nbsp;2110,&nbsp;2125,&nbsp;2140 AT Air Plast, 3415 AT Antiseize 5170 AT Antistatisk reng\u00f6ringsspray 2580 AT Cleaning Oil 2570 AT Color Aceton 7041,&nbsp;9000,&nbsp;9001,&nbsp;9003,&nbsp;9012,&nbsp;9016,&nbsp;9017,&nbsp;9018 AT Color Aerosolf\u00e4rg 1100-2099 AT Color [&hellip;]<\/p>\n","protected":false},"author":3,"featured_media":0,"parent":1668,"menu_order":0,"comment_status":"closed","ping_status":"closed","template":"","meta":{"_acf_changed":false,"footnotes":""},"class_list":["post-1674","page","type-page","status-publish","hentry"],"acf":[],"yoast_head":"<!-- This site is optimized with the Yoast SEO plugin v27.5 - https:\/\/yoast.com\/product\/yoast-seo-wordpress\/ -->\n<title>S\u00e4kerhetsdatablad - AT-Tuote Oy - Maalit, Spraymaalit, \u00d6ljyt, Rasvat, Puhdistusaineet, Ruosteenesto<\/title>\n<meta name=\"robots\" content=\"index, follow, max-snippet:-1, max-image-preview:large, max-video-preview:-1\" \/>\n<link rel=\"canonical\" href=\"https:\/\/www.attuote.fi\/sv\/nedladdningar\/sakerhetsdatablad\/\" \/>\n<meta property=\"og:locale\" content=\"sv_SE\" \/>\n<meta property=\"og:type\" content=\"article\" \/>\n<meta property=\"og:title\" content=\"S\u00e4kerhetsdatablad - AT-Tuote Oy - Maalit, Spraymaalit, \u00d6ljyt, Rasvat, Puhdistusaineet, Ruosteenesto\" \/>\n<meta property=\"og:description\" content=\"AT-1 Skydds- och sm\u00f6rjningsmedel, 2810, 2811 AT-1 Skydds- och sm\u00f6rjningdmedel, l\u00f6s\u00e4mne&nbsp;2820,&nbsp;2830,&nbsp;2835,&nbsp;2840,&nbsp;2841 AT-2&nbsp;Skydds-&nbsp;och&nbsp;sm\u00f6rjningsmedel&nbsp;2900 AT-2000 Vaselinspray 3700 AT-3 Rostskydd och sm\u00f6rjningsmedel 3000 AT-3000 Syntetiskt vaselinspray 3710 AT Active 2100 AT Active, l\u00f6s\u00e4mne&nbsp;2105,&nbsp;2110,&nbsp;2125,&nbsp;2140 AT Air Plast, 3415 AT Antiseize 5170 AT Antistatisk reng\u00f6ringsspray 2580 AT Cleaning Oil 2570 AT Color Aceton 7041,&nbsp;9000,&nbsp;9001,&nbsp;9003,&nbsp;9012,&nbsp;9016,&nbsp;9017,&nbsp;9018 AT Color Aerosolf\u00e4rg 1100-2099 AT Color [&hellip;]\" \/>\n<meta property=\"og:url\" content=\"https:\/\/www.attuote.fi\/sv\/nedladdningar\/sakerhetsdatablad\/\" \/>\n<meta property=\"og:site_name\" content=\"AT-Tuote Oy - Maalit, Spraymaalit, \u00d6ljyt, Rasvat, Puhdistusaineet, Ruosteenesto\" \/>\n<meta property=\"article:modified_time\" content=\"2023-01-10T13:12:50+00:00\" \/>\n<meta name=\"twitter:card\" content=\"summary_large_image\" \/>\n<meta name=\"twitter:label1\" content=\"Ber\u00e4knad l\u00e4stid\" \/>\n\t<meta name=\"twitter:data1\" content=\"2 minuter\" \/>\n<script type=\"application\/ld+json\" class=\"yoast-schema-graph\">{\"@context\":\"https:\\\/\\\/schema.org\",\"@graph\":[{\"@type\":\"WebPage\",\"@id\":\"https:\\\/\\\/www.attuote.fi\\\/sv\\\/nedladdningar\\\/sakerhetsdatablad\\\/\",\"url\":\"https:\\\/\\\/www.attuote.fi\\\/sv\\\/nedladdningar\\\/sakerhetsdatablad\\\/\",\"name\":\"S\u00e4kerhetsdatablad - AT-Tuote Oy - Maalit, Spraymaalit, \u00d6ljyt, Rasvat, Puhdistusaineet, Ruosteenesto\",\"isPartOf\":{\"@id\":\"https:\\\/\\\/www.attuote.fi\\\/#website\"},\"datePublished\":\"2016-01-08T09:18:16+00:00\",\"dateModified\":\"2023-01-10T13:12:50+00:00\",\"breadcrumb\":{\"@id\":\"https:\\\/\\\/www.attuote.fi\\\/sv\\\/nedladdningar\\\/sakerhetsdatablad\\\/#breadcrumb\"},\"inLanguage\":\"sv-SE\",\"potentialAction\":[{\"@type\":\"ReadAction\",\"target\":[\"https:\\\/\\\/www.attuote.fi\\\/sv\\\/nedladdningar\\\/sakerhetsdatablad\\\/\"]}]},{\"@type\":\"BreadcrumbList\",\"@id\":\"https:\\\/\\\/www.attuote.fi\\\/sv\\\/nedladdningar\\\/sakerhetsdatablad\\\/#breadcrumb\",\"itemListElement\":[{\"@type\":\"ListItem\",\"position\":1,\"name\":\"Nedladdningar\",\"item\":\"https:\\\/\\\/www.attuote.fi\\\/sv\\\/nedladdningar\\\/\"},{\"@type\":\"ListItem\",\"position\":2,\"name\":\"S\u00e4kerhetsdatablad\"}]},{\"@type\":\"WebSite\",\"@id\":\"https:\\\/\\\/www.attuote.fi\\\/#website\",\"url\":\"https:\\\/\\\/www.attuote.fi\\\/\",\"name\":\"AT-Tuote Oy - Maalit, Spraymaalit, \u00d6ljyt, Rasvat, Puhdistusaineet, Ruosteenesto\",\"description\":\"\",\"publisher\":{\"@id\":\"https:\\\/\\\/www.attuote.fi\\\/#organization\"},\"potentialAction\":[{\"@type\":\"SearchAction\",\"target\":{\"@type\":\"EntryPoint\",\"urlTemplate\":\"https:\\\/\\\/www.attuote.fi\\\/?s={search_term_string}\"},\"query-input\":{\"@type\":\"PropertyValueSpecification\",\"valueRequired\":true,\"valueName\":\"search_term_string\"}}],\"inLanguage\":\"sv-SE\"},{\"@type\":\"Organization\",\"@id\":\"https:\\\/\\\/www.attuote.fi\\\/#organization\",\"name\":\"AT-Tuote Oy\",\"url\":\"https:\\\/\\\/www.attuote.fi\\\/\",\"logo\":{\"@type\":\"ImageObject\",\"inLanguage\":\"sv-SE\",\"@id\":\"https:\\\/\\\/www.attuote.fi\\\/#\\\/schema\\\/logo\\\/image\\\/\",\"url\":\"https:\\\/\\\/www.attuote.fi\\\/wp-content\\\/uploads\\\/2023\\\/01\\\/at-tuote-logo.png\",\"contentUrl\":\"https:\\\/\\\/www.attuote.fi\\\/wp-content\\\/uploads\\\/2023\\\/01\\\/at-tuote-logo.png\",\"width\":141,\"height\":96,\"caption\":\"AT-Tuote Oy\"},\"image\":{\"@id\":\"https:\\\/\\\/www.attuote.fi\\\/#\\\/schema\\\/logo\\\/image\\\/\"}}]}<\/script>\n<!-- \/ Yoast SEO plugin. -->","yoast_head_json":{"title":"S\u00e4kerhetsdatablad - AT-Tuote Oy - Maalit, Spraymaalit, \u00d6ljyt, Rasvat, Puhdistusaineet, Ruosteenesto","robots":{"index":"index","follow":"follow","max-snippet":"max-snippet:-1","max-image-preview":"max-image-preview:large","max-video-preview":"max-video-preview:-1"},"canonical":"https:\/\/www.attuote.fi\/sv\/nedladdningar\/sakerhetsdatablad\/","og_locale":"sv_SE","og_type":"article","og_title":"S\u00e4kerhetsdatablad - AT-Tuote Oy - Maalit, Spraymaalit, \u00d6ljyt, Rasvat, Puhdistusaineet, Ruosteenesto","og_description":"AT-1 Skydds- och sm\u00f6rjningsmedel, 2810, 2811 AT-1 Skydds- och sm\u00f6rjningdmedel, l\u00f6s\u00e4mne&nbsp;2820,&nbsp;2830,&nbsp;2835,&nbsp;2840,&nbsp;2841 AT-2&nbsp;Skydds-&nbsp;och&nbsp;sm\u00f6rjningsmedel&nbsp;2900 AT-2000 Vaselinspray 3700 AT-3 Rostskydd och sm\u00f6rjningsmedel 3000 AT-3000 Syntetiskt vaselinspray 3710 AT Active 2100 AT Active, l\u00f6s\u00e4mne&nbsp;2105,&nbsp;2110,&nbsp;2125,&nbsp;2140 AT Air Plast, 3415 AT Antiseize 5170 AT Antistatisk reng\u00f6ringsspray 2580 AT Cleaning Oil 2570 AT Color Aceton 7041,&nbsp;9000,&nbsp;9001,&nbsp;9003,&nbsp;9012,&nbsp;9016,&nbsp;9017,&nbsp;9018 AT Color Aerosolf\u00e4rg 1100-2099 AT Color [&hellip;]","og_url":"https:\/\/www.attuote.fi\/sv\/nedladdningar\/sakerhetsdatablad\/","og_site_name":"AT-Tuote Oy - Maalit, Spraymaalit, \u00d6ljyt, Rasvat, Puhdistusaineet, Ruosteenesto","article_modified_time":"2023-01-10T13:12:50+00:00","twitter_card":"summary_large_image","twitter_misc":{"Ber\u00e4knad l\u00e4stid":"2 minuter"},"schema":{"@context":"https:\/\/schema.org","@graph":[{"@type":"WebPage","@id":"https:\/\/www.attuote.fi\/sv\/nedladdningar\/sakerhetsdatablad\/","url":"https:\/\/www.attuote.fi\/sv\/nedladdningar\/sakerhetsdatablad\/","name":"S\u00e4kerhetsdatablad - AT-Tuote Oy - Maalit, Spraymaalit, \u00d6ljyt, Rasvat, Puhdistusaineet, Ruosteenesto","isPartOf":{"@id":"https:\/\/www.attuote.fi\/#website"},"datePublished":"2016-01-08T09:18:16+00:00","dateModified":"2023-01-10T13:12:50+00:00","breadcrumb":{"@id":"https:\/\/www.attuote.fi\/sv\/nedladdningar\/sakerhetsdatablad\/#breadcrumb"},"inLanguage":"sv-SE","potentialAction":[{"@type":"ReadAction","target":["https:\/\/www.attuote.fi\/sv\/nedladdningar\/sakerhetsdatablad\/"]}]},{"@type":"BreadcrumbList","@id":"https:\/\/www.attuote.fi\/sv\/nedladdningar\/sakerhetsdatablad\/#breadcrumb","itemListElement":[{"@type":"ListItem","position":1,"name":"Nedladdningar","item":"https:\/\/www.attuote.fi\/sv\/nedladdningar\/"},{"@type":"ListItem","position":2,"name":"S\u00e4kerhetsdatablad"}]},{"@type":"WebSite","@id":"https:\/\/www.attuote.fi\/#website","url":"https:\/\/www.attuote.fi\/","name":"AT-Tuote Oy - Maalit, Spraymaalit, \u00d6ljyt, Rasvat, Puhdistusaineet, Ruosteenesto","description":"","publisher":{"@id":"https:\/\/www.attuote.fi\/#organization"},"potentialAction":[{"@type":"SearchAction","target":{"@type":"EntryPoint","urlTemplate":"https:\/\/www.attuote.fi\/?s={search_term_string}"},"query-input":{"@type":"PropertyValueSpecification","valueRequired":true,"valueName":"search_term_string"}}],"inLanguage":"sv-SE"},{"@type":"Organization","@id":"https:\/\/www.attuote.fi\/#organization","name":"AT-Tuote Oy","url":"https:\/\/www.attuote.fi\/","logo":{"@type":"ImageObject","inLanguage":"sv-SE","@id":"https:\/\/www.attuote.fi\/#\/schema\/logo\/image\/","url":"https:\/\/www.attuote.fi\/wp-content\/uploads\/2023\/01\/at-tuote-logo.png","contentUrl":"https:\/\/www.attuote.fi\/wp-content\/uploads\/2023\/01\/at-tuote-logo.png","width":141,"height":96,"caption":"AT-Tuote Oy"},"image":{"@id":"https:\/\/www.attuote.fi\/#\/schema\/logo\/image\/"}}]}},"_links":{"self":[{"href":"https:\/\/www.attuote.fi\/sv\/wp-json\/wp\/v2\/pages\/1674","targetHints":{"allow":["GET"]}}],"collection":[{"href":"https:\/\/www.attuote.fi\/sv\/wp-json\/wp\/v2\/pages"}],"about":[{"href":"https:\/\/www.attuote.fi\/sv\/wp-json\/wp\/v2\/types\/page"}],"author":[{"embeddable":true,"href":"https:\/\/www.attuote.fi\/sv\/wp-json\/wp\/v2\/users\/3"}],"replies":[{"embeddable":true,"href":"https:\/\/www.attuote.fi\/sv\/wp-json\/wp\/v2\/comments?post=1674"}],"version-history":[{"count":0,"href":"https:\/\/www.attuote.fi\/sv\/wp-json\/wp\/v2\/pages\/1674\/revisions"}],"up":[{"embeddable":true,"href":"https:\/\/www.attuote.fi\/sv\/wp-json\/wp\/v2\/pages\/1668"}],"wp:attachment":[{"href":"https:\/\/www.attuote.fi\/sv\/wp-json\/wp\/v2\/media?parent=1674"}],"curies":[{"name":"wp","href":"https:\/\/api.w.org\/{rel}","templated":true}]}}